{"id":6,"date":"2024-10-17T15:47:39","date_gmt":"2024-10-17T13:47:39","guid":{"rendered":"https:\/\/aylana-nuera.com\/?page_id=6"},"modified":"2024-10-17T22:37:06","modified_gmt":"2024-10-17T20:37:06","slug":"accueil","status":"publish","type":"page","link":"https:\/\/aylana-nuera.com\/","title":{"rendered":"accueil"},"content":{"rendered":"\t\t<div data-elementor-type=\"wp-page\" data-elementor-id=\"6\" class=\"elementor elementor-6\">\n\t\t\t\t<div class=\"elementor-element elementor-element-8454120 e-con-full e-flex e-con e-parent\" data-id=\"8454120\" data-element_type=\"container\">\n\t\t\t\t<div class=\"elementor-element elementor-element-cbaf9c7 elementor-widget elementor-widget-image\" data-id=\"cbaf9c7\" data-element_type=\"widget\" data-widget_type=\"image.default\">\n\t\t\t\t<div class=\"elementor-widget-container\">\n\t\t\t\t\t\t\t\t\t\t\t\t\t<img fetchpriority=\"high\" decoding=\"async\" width=\"500\" height=\"500\" src=\"https:\/\/aylana-nuera.com\/wp-content\/uploads\/2024\/10\/Brown-Black-Minimalist-Elegant-Botique-Logo_20241017_195404_0000.png\" class=\"attachment-large size-large wp-image-65\" alt=\"\" srcset=\"https:\/\/aylana-nuera.com\/wp-content\/uploads\/2024\/10\/Brown-Black-Minimalist-Elegant-Botique-Logo_20241017_195404_0000.png 500w, https:\/\/aylana-nuera.com\/wp-content\/uploads\/2024\/10\/Brown-Black-Minimalist-Elegant-Botique-Logo_20241017_195404_0000-300x300.png 300w, https:\/\/aylana-nuera.com\/wp-content\/uploads\/2024\/10\/Brown-Black-Minimalist-Elegant-Botique-Logo_20241017_195404_0000-150x150.png 150w\" sizes=\"(max-width: 500px) 100vw, 500px\" \/>\t\t\t\t\t\t\t\t\t\t\t\t\t<\/div>\n\t\t\t\t<\/div>\n\t\t\t\t<\/div>\n\t\t<div class=\"elementor-element elementor-element-b4fe093 e-flex e-con-boxed e-con e-parent\" data-id=\"b4fe093\" data-element_type=\"container\">\n\t\t\t\t\t<div class=\"e-con-inner\">\n\t\t<div class=\"elementor-element elementor-element-b9d5f25 e-con-full e-flex e-con e-child\" data-id=\"b9d5f25\" data-element_type=\"container\">\n\t\t\t\t<div class=\"elementor-element elementor-element-ec2f85e elementor-widget__width-initial elementor-widget elementor-widget-image\" data-id=\"ec2f85e\" data-element_type=\"widget\" data-widget_type=\"image.default\">\n\t\t\t\t<div class=\"elementor-widget-container\">\n\t\t\t\t\t\t\t\t\t\t\t\t\t<img decoding=\"async\" width=\"958\" height=\"1024\" src=\"https:\/\/aylana-nuera.com\/wp-content\/uploads\/2024\/10\/Screenshot_20241017_222243_Canva-958x1024.jpg\" class=\"attachment-large size-large wp-image-82\" alt=\"\" srcset=\"https:\/\/aylana-nuera.com\/wp-content\/uploads\/2024\/10\/Screenshot_20241017_222243_Canva-958x1024.jpg 958w, https:\/\/aylana-nuera.com\/wp-content\/uploads\/2024\/10\/Screenshot_20241017_222243_Canva-281x300.jpg 281w, https:\/\/aylana-nuera.com\/wp-content\/uploads\/2024\/10\/Screenshot_20241017_222243_Canva-768x821.jpg 768w, https:\/\/aylana-nuera.com\/wp-content\/uploads\/2024\/10\/Screenshot_20241017_222243_Canva-1438x1536.jpg 1438w, https:\/\/aylana-nuera.com\/wp-content\/uploads\/2024\/10\/Screenshot_20241017_222243_Canva-1917x2048.jpg 1917w\" sizes=\"(max-width: 958px) 100vw, 958px\" \/>\t\t\t\t\t\t\t\t\t\t\t\t\t<\/div>\n\t\t\t\t<\/div>\n\t\t\t\t<\/div>\n\t\t<div class=\"elementor-element elementor-element-7c2ba81 e-con-full e-flex e-con e-child\" data-id=\"7c2ba81\" data-element_type=\"container\">\n\t\t\t\t<div class=\"elementor-element elementor-element-e21ff0b elementor-widget__width-initial elementor-widget elementor-widget-text-editor\" data-id=\"e21ff0b\" data-element_type=\"widget\" data-widget_type=\"text-editor.default\">\n\t\t\t\t<div class=\"elementor-widget-container\">\n\t\t\t\t\t\t\t<p>\u00a0<\/p><p>Bienvenue dans un univers o\u00f9 tradition et modernit\u00e9 se rencontrent. Plongez au c\u0153ur de la culture oc\u00e9anienne \u00e0 travers des cr\u00e9ations artisanales uniques. Retrouvez l&#8217;authenticit\u00e9 que vous recherchez, tout en d\u00e9couvrant des pi\u00e8ces qui red\u00e9finissent l&#8217;\u00e9l\u00e9gance et c\u00e9l\u00e8brent vos racines. Une exp\u00e9rience vestimentaire qui reconnecte et inspire.<\/p>\t\t\t\t\t\t<\/div>\n\t\t\t\t<\/div>\n\t\t\t\t<\/div>\n\t\t<div class=\"elementor-element elementor-element-9fbcfd5 e-con-full e-flex e-con e-child\" data-id=\"9fbcfd5\" data-element_type=\"container\">\n\t\t\t\t<div class=\"elementor-element elementor-element-9a22a68 elementor-widget__width-initial elementor-widget elementor-widget-image\" data-id=\"9a22a68\" data-element_type=\"widget\" data-widget_type=\"image.default\">\n\t\t\t\t<div class=\"elementor-widget-container\">\n\t\t\t\t\t\t\t\t\t\t\t\t\t<img decoding=\"async\" width=\"975\" height=\"1024\" src=\"https:\/\/aylana-nuera.com\/wp-content\/uploads\/2024\/10\/Screenshot_20241017_222116_Canva-975x1024.jpg\" class=\"attachment-large size-large wp-image-83\" alt=\"\" srcset=\"https:\/\/aylana-nuera.com\/wp-content\/uploads\/2024\/10\/Screenshot_20241017_222116_Canva-975x1024.jpg 975w, https:\/\/aylana-nuera.com\/wp-content\/uploads\/2024\/10\/Screenshot_20241017_222116_Canva-286x300.jpg 286w, https:\/\/aylana-nuera.com\/wp-content\/uploads\/2024\/10\/Screenshot_20241017_222116_Canva-768x807.jpg 768w, https:\/\/aylana-nuera.com\/wp-content\/uploads\/2024\/10\/Screenshot_20241017_222116_Canva-1462x1536.jpg 1462w, https:\/\/aylana-nuera.com\/wp-content\/uploads\/2024\/10\/Screenshot_20241017_222116_Canva-1950x2048.jpg 1950w\" sizes=\"(max-width: 975px) 100vw, 975px\" \/>\t\t\t\t\t\t\t\t\t\t\t\t\t<\/div>\n\t\t\t\t<\/div>\n\t\t\t\t<\/div>\n\t\t\t\t\t<\/div>\n\t\t\t\t<\/div>\n\t\t<div class=\"elementor-element elementor-element-fde9444 e-flex e-con-boxed e-con e-parent\" data-id=\"fde9444\" data-element_type=\"container\">\n\t\t\t\t\t<div class=\"e-con-inner\">\n\t\t\t\t<div class=\"elementor-element elementor-element-cc45027 elementor-view-default elementor-widget elementor-widget-icon\" data-id=\"cc45027\" data-element_type=\"widget\" data-widget_type=\"icon.default\">\n\t\t\t\t<div class=\"elementor-widget-container\">\n\t\t\t\t\t<div class=\"elementor-icon-wrapper\">\n\t\t\t<a class=\"elementor-icon\" href=\"http:\/\/www.instagram.com\/aylana_nuera\">\n\t\t\t<svg aria-hidden=\"true\" class=\"e-font-icon-svg e-fab-instagram\" viewBox=\"0 0 448 512\" xmlns=\"http:\/\/www.w3.org\/2000\/svg\"><path d=\"M224.1 141c-63.6 0-114.9 51.3-114.9 114.9s51.3 114.9 114.9 114.9S339 319.5 339 255.9 287.7 141 224.1 141zm0 189.6c-41.1 0-74.7-33.5-74.7-74.7s33.5-74.7 74.7-74.7 74.7 33.5 74.7 74.7-33.6 74.7-74.7 74.7zm146.4-194.3c0 14.9-12 26.8-26.8 26.8-14.9 0-26.8-12-26.8-26.8s12-26.8 26.8-26.8 26.8 12 26.8 26.8zm76.1 27.2c-1.7-35.9-9.9-67.7-36.2-93.9-26.2-26.2-58-34.4-93.9-36.2-37-2.1-147.9-2.1-184.9 0-35.8 1.7-67.6 9.9-93.9 36.1s-34.4 58-36.2 93.9c-2.1 37-2.1 147.9 0 184.9 1.7 35.9 9.9 67.7 36.2 93.9s58 34.4 93.9 36.2c37 2.1 147.9 2.1 184.9 0 35.9-1.7 67.7-9.9 93.9-36.2 26.2-26.2 34.4-58 36.2-93.9 2.1-37 2.1-147.8 0-184.8zM398.8 388c-7.8 19.6-22.9 34.7-42.6 42.6-29.5 11.7-99.5 9-132.1 9s-102.7 2.6-132.1-9c-19.6-7.8-34.7-22.9-42.6-42.6-11.7-29.5-9-99.5-9-132.1s-2.6-102.7 9-132.1c7.8-19.6 22.9-34.7 42.6-42.6 29.5-11.7 99.5-9 132.1-9s102.7-2.6 132.1 9c19.6 7.8 34.7 22.9 42.6 42.6 11.7 29.5 9 99.5 9 132.1s2.7 102.7-9 132.1z\"><\/path><\/svg>\t\t\t<\/a>\n\t\t<\/div>\n\t\t\t\t<\/div>\n\t\t\t\t<\/div>\n\t\t\t\t\t<\/div>\n\t\t\t\t<\/div>\n\t\t<div class=\"elementor-element elementor-element-ba7c605 e-flex e-con-boxed e-con e-parent\" data-id=\"ba7c605\" data-element_type=\"container\">\n\t\t\t\t\t<div class=\"e-con-inner\">\n\t\t\t\t<div class=\"elementor-element elementor-element-429f271 elementor-widget elementor-widget-text-editor\" data-id=\"429f271\" data-element_type=\"widget\" data-widget_type=\"text-editor.default\">\n\t\t\t\t<div class=\"elementor-widget-container\">\n\t\t\t\t\t\t\t<h4>Suivez les aventures d&#8217;Aylana Nu\u00e8ra sur Instagram et d\u00e9couvrez en avant premi\u00e8re nos cr\u00e9ations artisanales.<\/h4>\t\t\t\t\t\t<\/div>\n\t\t\t\t<\/div>\n\t\t\t\t\t<\/div>\n\t\t\t\t<\/div>\n\t\t\t\t<\/div>\n\t\t","protected":false},"excerpt":{"rendered":"<p>\u00a0 Bienvenue dans un univers o\u00f9 tradition et modernit\u00e9 se rencontrent. Plongez au c\u0153ur de la culture oc\u00e9anienne \u00e0 travers des cr\u00e9ations artisanales uniques. Retrouvez l&#8217;authenticit\u00e9 que vous recherchez, tout en d\u00e9couvrant des pi\u00e8ces qui red\u00e9finissent l&#8217;\u00e9l\u00e9gance et c\u00e9l\u00e8brent vos racines. Une exp\u00e9rience vestimentaire qui reconnecte et inspire. Suivez les aventures d&#8217;Aylana Nu\u00e8ra sur Instagram [&hellip;]<\/p>\n","protected":false},"author":1,"featured_media":0,"parent":0,"menu_order":0,"comment_status":"closed","ping_status":"closed","template":"elementor_canvas","meta":{"footnotes":""},"class_list":["post-6","page","type-page","status-publish","hentry"],"_links":{"self":[{"href":"https:\/\/aylana-nuera.com\/index.php?rest_route=\/wp\/v2\/pages\/6","targetHints":{"allow":["GET"]}}],"collection":[{"href":"https:\/\/aylana-nuera.com\/index.php?rest_route=\/wp\/v2\/pages"}],"about":[{"href":"https:\/\/aylana-nuera.com\/index.php?rest_route=\/wp\/v2\/types\/page"}],"author":[{"embeddable":true,"href":"https:\/\/aylana-nuera.com\/index.php?rest_route=\/wp\/v2\/users\/1"}],"replies":[{"embeddable":true,"href":"https:\/\/aylana-nuera.com\/index.php?rest_route=%2Fwp%2Fv2%2Fcomments&post=6"}],"version-history":[{"count":27,"href":"https:\/\/aylana-nuera.com\/index.php?rest_route=\/wp\/v2\/pages\/6\/revisions"}],"predecessor-version":[{"id":86,"href":"https:\/\/aylana-nuera.com\/index.php?rest_route=\/wp\/v2\/pages\/6\/revisions\/86"}],"wp:attachment":[{"href":"https:\/\/aylana-nuera.com\/index.php?rest_route=%2Fwp%2Fv2%2Fmedia&parent=6"}],"curies":[{"name":"wp","href":"https:\/\/api.w.org\/{rel}","templated":true}]}}